{"id":91,"date":"2013-12-23T19:30:58","date_gmt":"2013-12-23T17:30:58","guid":{"rendered":"http:\/\/gamedevis.ro\/?page_id=91"},"modified":"2015-08-08T16:50:05","modified_gmt":"2015-08-08T14:50:05","slug":"about","status":"publish","type":"page","link":"https:\/\/gamedevis.cool\/ro\/about\/","title":{"rendered":"Despre mine"},"content":{"rendered":"<p><\/p>\n<h1><\/h1>\n<div class=\"csRow\">\n<div class=\"csColumnGap\" style=\"margin: 0px; padding: 0px; float: left; width: 1.56%;\"><img decoding=\"async\" style=\"border: none;\" src=\"http:\/\/gamedevis.cool\/wp-content\/plugins\/advanced-wp-columns\/assets\/js\/plugins\/views\/img\/1x1-pixel.png\" alt=\"\" \/><\/div>\n<div class=\"csColumn\" style=\"margin: 0px; padding: 0px; float: left; width: 40.3%;\" data-csstartpoint=\"15\" data-csendpoint=\"402\" data-cswidth=\"40.3%\" data-csid=\"848aaba6-c451-e5e7-b6e4-483bd7e0e19d\">\n<div id=\"attachment_270\" class=\"wp-caption alignnone\" style=\"width: 302px\"><img loading=\"lazy\" decoding=\"async\" data-attachment-id=\"270\" data-permalink=\"https:\/\/gamedevis.cool\/ro\/about\/attachment\/biroas-eusebiu\/\" data-orig-file=\"https:\/\/gamedevis.cool\/wp-content\/uploads\/2013\/12\/Biroas-Eusebiu.jpg\" data-orig-size=\"604,605\" data-comments-opened=\"1\" data-image-meta=\"{&quot;aperture&quot;:&quot;0&quot;,&quot;credit&quot;:&quot;&quot;,&quot;camera&quot;:&quot;&quot;,&quot;caption&quot;:&quot;&quot;,&quot;created_timestamp&quot;:&quot;0&quot;,&quot;copyright&quot;:&quot;&quot;,&quot;focal_length&quot;:&quot;0&quot;,&quot;iso&quot;:&quot;0&quot;,&quot;shutter_speed&quot;:&quot;0&quot;,&quot;title&quot;:&quot;&quot;,&quot;orientation&quot;:&quot;0&quot;}\" data-image-title=\"Biroas Eusebiu\" data-image-description=\"&lt;p&gt;Biroas Eusebiu&lt;\/p&gt;\n\" data-image-caption=\"&lt;p&gt;Biroas Eusebiu&lt;\/p&gt;\n\" data-medium-file=\"https:\/\/gamedevis.cool\/wp-content\/uploads\/2013\/12\/Biroas-Eusebiu-600x600.jpg\" data-large-file=\"https:\/\/gamedevis.cool\/wp-content\/uploads\/2013\/12\/Biroas-Eusebiu.jpg\" class=\"wp-image-270 size-medium\" src=\"http:\/\/gamedevis.cool\/wp-content\/uploads\/2013\/12\/Biroas-Eusebiu-600x600.jpg\" alt=\"Biroas-Eusebiu\" width=\"302\" height=\"302\" srcset=\"https:\/\/gamedevis.cool\/wp-content\/uploads\/2013\/12\/Biroas-Eusebiu-600x600.jpg 600w, https:\/\/gamedevis.cool\/wp-content\/uploads\/2013\/12\/Biroas-Eusebiu-80x80.jpg 80w, https:\/\/gamedevis.cool\/wp-content\/uploads\/2013\/12\/Biroas-Eusebiu-200x200.jpg 200w, https:\/\/gamedevis.cool\/wp-content\/uploads\/2013\/12\/Biroas-Eusebiu.jpg 604w\" sizes=\"auto, (max-width: 302px) 100vw, 302px\" \/><\/p>\n<p class=\"wp-caption-text\">Biroa\u0219 Eusebiu<\/p>\n<\/div>\n<\/div>\n<div class=\"csColumnGap\" style=\"margin: 0px; padding: 0px; float: left; width: 5.1%;\"><img decoding=\"async\" style=\"border: none;\" src=\"http:\/\/gamedevis.cool\/wp-content\/plugins\/advanced-wp-columns\/assets\/js\/plugins\/views\/img\/1x1-pixel.png\" alt=\"\" \/><\/div>\n<div class=\"csColumn\" style=\"margin: 0px; padding: 0px; float: left; width: 53%;\" data-csstartpoint=\"451\" data-csendpoint=\"960\" data-cswidth=\"53.0%\" data-csid=\"16b21e49-6087-b919-9e7f-0677d894b16c\">\n<h4>Biroa\u0219 Eusebiu<\/h4>\n<div class=\"divider-solid\"><\/div>\n<p>Probabil\u00a0hobby-ul care \u00eemi aduce cea mai mare satisfac\u021bie\u00a0este programarea de jocuri.<\/p>\n<p>De\u0219i mul\u021bi \u00eemi spun c\u0103 \u00eencerc s\u0103 reinventez roata, g\u0103sesc satisfac\u021bie \u00een construirea propriului engine, \u00eemi place s\u0103 savurez fiecare detaliu \u0219i s\u0103 contemplez asupra fiec\u0103rei p\u0103r\u021bi care \u021bine de construirea unui joc video.<\/p>\n<p>Din p\u0103cate pe c\u00e2t de mare e satisfac\u021bia pe at\u00e2t de mic e timpul pe care \u00eel pot aloca acestei activit\u0103\u021bi, astfel a luat na\u0219tere acest site unde<\/p>\n<\/div>\n<div style=\"clear: both; float: none; display: block; visibility: hidden; width: 0px; font-size: 0px; line-height: 0;\"><\/div>\n<\/div>\n<p>voi \u021bine eviden\u021ba progresului meu ca \u0219i \u00eentr-un jurnal cu post\u0103ri gen tutorial, fiindu-mi mai \u00a0u\u0219or s\u0103 continui de\u00a0\u00a0unde am r\u0103mas dup\u0103 o perioad\u0103 \u00eendelungat\u0103 de pauz\u0103.<\/p>\n<div class=\"divider-solid\"><\/div>\n<h4>Ce\u00a0jocuri \u00eemi plac<\/h4>\n<div class=\"divider-solid\"><\/div>\n<p>Singurele jocuri care reu\u0219esc s\u0103 \u00eemi mai capteze interesul\u00a0\u00a0sunt jocurile din seria Souls: Demon&#8217;s Souls, Dark Souls, Bloodborne.<\/p>\n<p>Mai joc cu prietenii: Street Fighter, Pro Evolution Soccer, Mario Kart.<\/p>\n<div class=\"divider-solid\"><\/div>\n<h4>Ce\u00a0c\u0103r\u021bi \u00eemi plac<\/h4>\n<div class=\"divider-solid\"><\/div>\n<p>\u00cen general citesc science-fiction, subgenul preferat fiind cyberpunk, dar cochetez \u0219i cu lucr\u0103ri ce \u021bin de psihanaliz\u0103, analiza\u00a0subcon\u0219tientului.<\/p>\n<p>Autori prefera\u021bi: William Gibson, Isaac Asimov, Sigmund Freud.<\/p>\n<div class=\"divider-solid\"><\/div>\n<h4>Unde m\u0103 mai po\u021bi g\u0103si<\/h4>\n<div class=\"divider-solid\"><\/div>\n<p><a href=\"https:\/\/www.facebook.com\/angereveur\" onclick=\"__gaTracker('send', 'event', 'outbound-article', 'https:\/\/www.facebook.com\/angereveur', 'Facebook');\" target=\"_blank\">Facebook<\/a><\/p>\n<p><a href=\"http:\/\/www.goodreads.com\/user\/show\/6566115-ange\" onclick=\"__gaTracker('send', 'event', 'outbound-article', 'http:\/\/www.goodreads.com\/user\/show\/6566115-ange', 'Goodreads');\" target=\"_blank\">Goodreads<\/a><\/p>\n<p><a href=\"http:\/\/steamcommunity.com\/id\/angereveur\" onclick=\"__gaTracker('send', 'event', 'outbound-article', 'http:\/\/steamcommunity.com\/id\/angereveur', 'Steam');\" target=\"_blank\">Steam<\/a><\/p>\n<p>PlayStation 4: <strong>AngeReve<\/strong><\/p>\n<p>Wii U: <strong>AngeReveur<\/strong><\/p>","protected":false},"excerpt":{"rendered":"<p>Biroa\u0219 Eusebiu Probabil\u00a0hobby-ul care \u00eemi aduce cea mai mare satisfac\u021bie\u00a0este programarea de jocuri. De\u0219i mul\u021bi \u00eemi spun c\u0103 \u00eencerc s\u0103 reinventez roata, g\u0103sesc satisfac\u021bie \u00een construirea propriului engine, \u00eemi place s\u0103 savurez fiecare detaliu \u0219i s\u0103 contemplez asupra fiec\u0103rei p\u0103r\u021bi care \u021bine de construirea unui joc video. Din p\u0103cate pe c\u00e2t de mare e satisfac\u021bia [&hellip;]<\/p>\n","protected":false},"author":1,"featured_media":270,"parent":0,"menu_order":0,"comment_status":"open","ping_status":"open","template":"","meta":{"jetpack_post_was_ever_published":false,"footnotes":""},"class_list":["post-91","page","type-page","status-publish","has-post-thumbnail","hentry"],"jetpack_shortlink":"https:\/\/wp.me\/P473YX-1t","jetpack_sharing_enabled":true,"jetpack_likes_enabled":true,"_links":{"self":[{"href":"https:\/\/gamedevis.cool\/ro\/wp-json\/wp\/v2\/pages\/91","targetHints":{"allow":["GET"]}}],"collection":[{"href":"https:\/\/gamedevis.cool\/ro\/wp-json\/wp\/v2\/pages"}],"about":[{"href":"https:\/\/gamedevis.cool\/ro\/wp-json\/wp\/v2\/types\/page"}],"author":[{"embeddable":true,"href":"https:\/\/gamedevis.cool\/ro\/wp-json\/wp\/v2\/users\/1"}],"replies":[{"embeddable":true,"href":"https:\/\/gamedevis.cool\/ro\/wp-json\/wp\/v2\/comments?post=91"}],"version-history":[{"count":27,"href":"https:\/\/gamedevis.cool\/ro\/wp-json\/wp\/v2\/pages\/91\/revisions"}],"predecessor-version":[{"id":376,"href":"https:\/\/gamedevis.cool\/ro\/wp-json\/wp\/v2\/pages\/91\/revisions\/376"}],"wp:featuredmedia":[{"embeddable":true,"href":"https:\/\/gamedevis.cool\/ro\/wp-json\/wp\/v2\/media\/270"}],"wp:attachment":[{"href":"https:\/\/gamedevis.cool\/ro\/wp-json\/wp\/v2\/media?parent=91"}],"curies":[{"name":"wp","href":"https:\/\/api.w.org\/{rel}","templated":true}]}}