{"id":295,"date":"2015-08-08T14:33:31","date_gmt":"2015-08-08T12:33:31","guid":{"rendered":"http:\/\/gamedevis.cool\/?page_id=295"},"modified":"2015-08-08T16:08:55","modified_gmt":"2015-08-08T14:08:55","slug":"support-me","status":"publish","type":"page","link":"https:\/\/gamedevis.cool\/ro\/support-me\/","title":{"rendered":"Support me"},"content":{"rendered":"<p>Visez c\u0103 \u00eentr-o zi voi putea investi mai mult timp \u0219i voi putea lansa jocuri \u00eentregi, m\u0103 po\u021bi ajuta s\u0103 cresc \u0219i s\u0103 \u00eemi duc visul la realitate, sprijinul t\u0103u va fi apreciat enorm.<\/p>\n<p>Tot sprijinul va fi investit \u00een resurse pentru game development: c\u0103r\u021bi pentru a-mi \u00eembun\u0103t\u0103\u021bi cuno\u0219tin\u021bele, art\u0103 grafic\u0103 pentru jocuri pl\u0103cute ochiului, efecte de sunet pentru o experien\u021b\u0103 imersiv\u0103.<\/p>\n<p>M\u0103 po\u021bi sprijini prin:<\/p>\n<h4>Dona\u021bie paypal:<\/h4>\n<form action=\"https:\/\/www.paypal.com\/cgi-bin\/webscr\" method=\"post\" target=\"_blank\"><input name=\"cmd\" type=\"hidden\" value=\"_s-xclick\" \/><br \/>\n<input name=\"encrypted\" type=\"hidden\" value=\"-----BEGIN PKCS7-----MIIHVwYJKoZIhvcNAQcEoIIHSDCCB0QCAQExggEwMIIBLAIBADCBlDCBjjELMAkGA1UEBhMCVVMxCzAJBgNVBAgTAkNBMRYwFAYDVQQHEw1Nb3VudGFpbiBWaWV3MRQwEgYDVQQKEwtQYXlQYWwgSW5jLjETMBEGA1UECxQKbGl2ZV9jZXJ0czERMA8GA1UEAxQIbGl2ZV9hcGkxHDAaBgkqhkiG9w0BCQEWDXJlQHBheXBhbC5jb20CAQAwDQYJKoZIhvcNAQEBBQAEgYC+ee+rYgfnDqMEaRMCaHicRW4O6oSTar1neI\/WApHbPtUwegv97q6WE7ukUE2UjpWvqu2kwENp2JTaoyKhYjrHlxTMg76jIZNy+93zDA82oeMvskvdES8NJWOtFoZ8tb6yBultHREyKIMGCrHYIV3lgu5Oi\/QZRJCiRPJegylERjELMAkGBSsOAwIaBQAwgdQGCSqGSIb3DQEHATAUBggqhkiG9w0DBwQIFw\/Jns45BBCAgbB8LSGUYRtkN\/XUzbBdYKYENHId1G9B9+MUbgNC5YIidhoxZ4b8CM2taji3Ol6sNHMZIVr3+H0iNWS3jh690pe3tBsxRpWB\/lw4PaHz2aMdf3eJ34i3abaWIpJP6J00WFmLg3RRydWnmQVQHobjQIxGj35OxWvI2FbXe4hT+yxa6FvUQCICgnhS8MagImj93iWsk+TyIhRscLKGqPfzBgGGYJWqdfhmuNovr0rzWzFy6aCCA4cwggODMIIC7KADAgECAgEAMA0GCSqGSIb3DQEBBQUAMIGOMQswCQYDVQQGEwJVUzELMAkGA1UECBMCQ0ExFjAUBgNVBAcTDU1vdW50YWluIFZpZXcxFDASBgNVBAoTC1BheVBhbCBJbmMuMRMwEQYDVQQLFApsaXZlX2NlcnRzMREwDwYDVQQDFAhsaXZlX2FwaTEcMBoGCSqGSIb3DQEJARYNcmVAcGF5cGFsLmNvbTAeFw0wNDAyMTMxMDEzMTVaFw0zNTAyMTMxMDEzMTVaMIGOMQswCQYDVQQGEwJVUzELMAkGA1UECBMCQ0ExFjAUBgNVBAcTDU1vdW50YWluIFZpZXcxFDASBgNVBAoTC1BheVBhbCBJbmMuMRMwEQYDVQQLFApsaXZlX2NlcnRzMREwDwYDVQQDFAhsaXZlX2FwaTEcMBoGCSqGSIb3DQEJARYNcmVAcGF5cGFsLmNvbTCBnzANBgkqhkiG9w0BAQEFAAOBjQAwgYkCgYEAwUdO3fxEzEtcnI7ZKZL412XvZPugoni7i7D7prCe0AtaHTc97CYgm7NsAtJyxNLixmhLV8pyIEaiHXWAh8fPKW+R017+EmXrr9EaquPmsVvTywAAE1PMNOKqo2kl4Gxiz9zZqIajOm1fZGWcGS0f5JQ2kBqNbvbg2\/Za+GJ\/qwUCAwEAAaOB7jCB6zAdBgNVHQ4EFgQUlp98u8ZvF71ZP1LXChvsENZklGswgbsGA1UdIwSBszCBsIAUlp98u8ZvF71ZP1LXChvsENZklGuhgZSkgZEwgY4xCzAJBgNVBAYTAlVTMQswCQYDVQQIEwJDQTEWMBQGA1UEBxMNTW91bnRhaW4gVmlldzEUMBIGA1UEChMLUGF5UGFsIEluYy4xEzARBgNVBAsUCmxpdmVfY2VydHMxETAPBgNVBAMUCGxpdmVfYXBpMRwwGgYJKoZIhvcNAQkBFg1yZUBwYXlwYWwuY29tggEAMAwGA1UdEwQFMAMBAf8wDQYJKoZIhvcNAQEFBQADgYEAgV86VpqAWuXvX6Oro4qJ1tYVIT5DgWpE692Ag422H7yRIr\/9j\/iKG4Thia\/Oflx4TdL+IFJBAyPK9v6zZNZtBgPBynXb048hsP16l2vi0k5Q2JKiPDsEfBhGI+HnxLXEaUWAcVfCsQFvd2A1sxRr67ip5y2wwBelUecP3AjJ+YcxggGaMIIBlgIBATCBlDCBjjELMAkGA1UEBhMCVVMxCzAJBgNVBAgTAkNBMRYwFAYDVQQHEw1Nb3VudGFpbiBWaWV3MRQwEgYDVQQKEwtQYXlQYWwgSW5jLjETMBEGA1UECxQKbGl2ZV9jZXJ0czERMA8GA1UEAxQIbGl2ZV9hcGkxHDAaBgkqhkiG9w0BCQEWDXJlQHBheXBhbC5jb20CAQAwCQYFKw4DAhoFAKBdMBgGCSqGSIb3DQEJAzELBgkqhkiG9w0BBwEwHAYJKoZIhvcNAQkFMQ8XDTE1MDgwNTE2NDYyMFowIwYJKoZIhvcNAQkEMRYEFGbLBiBqekrIcQpesOQVCWbvuQ6kMA0GCSqGSIb3DQEBAQUABIGAJtjr1MWvQxTHmpikWaEo3MuHBdGre4Be4ly0fJuG3\/NQ54Yviu+qgHu8n0B0gPDuzChBHEFsgYXvU+z0YO+wS58LAvEWGnUkXeWN6kp1oxrapjRvwR9rtqmUEN1ykfcGYPS5j+GjXsTqhxJWIOMFchPek7F4MMt35vOMz+LA74I=-----END PKCS7-----  \t\" \/><br \/>\n<input alt=\"PayPal - The safer, easier way to pay online!\" name=\"submit\" src=\"https:\/\/www.paypalobjects.com\/en_US\/i\/btn\/btn_donateCC_LG.gif\" type=\"image\" \/><br \/>\n<img loading=\"lazy\" decoding=\"async\" src=\"https:\/\/www.paypalobjects.com\/en_US\/i\/scr\/pixel.gif\" alt=\"\" width=\"1\" height=\"1\" border=\"0\" \/><\/form>\n<h4>Cump\u0103r\u0103 produse afiliate de pe\u00a0Amazon.com:<\/h4>\n<div class=\"innerText\">GameDevIs.Cool este participant in programul de asociere Amazon Services LLC , un program de publicitate afiliat\u0103 conceput pentru a oferi un mod de c\u00e2\u0219tig prin intermediul publicit\u0103\u021bii produselor oferite de amazon.com.<\/div>\n<p>Toate produsele sunt testate si recomandate de c\u0103tre mine.\u00a0Dac\u0103 cumperi un produs prin intermediului acestui site voi primi un comision de la Amazon.com, acest comision nu este ad\u0103ugat la pre\u021bul care va trebui s\u0103 \u00eel pl\u0103te\u0219ti pentru produs, vei pl\u0103ti acela\u0219i pre\u021b ca \u0219i cum ai achizi\u021biona c\u0103ut\u00e2nd produsul direct pe site-ul amazon.com.<\/p>\n<h4>C\u0103r\u021bi:<\/h4>\n<p><script src=\"http:\/\/ws-na.amazon-adsystem.com\/widgets\/q?rt=tf_mfw&#038;ServiceVersion=20070822&#038;MarketPlace=US&#038;ID=V20070822%2FUS%2Fgamedeviscool-20%2F8001%2Fbadb8f0d-bab0-418d-ac4d-f0fb36b7432d\" type=\"text\/javascript\" charset=\"utf-8\">\/\/ <![CDATA[\n\n\/\/ ]]><\/script><noscript><a href=\"http:\/\/ws-na.amazon-adsystem.com\/widgets\/q?rt=tf_mfw&#038;ServiceVersion=20070822&#038;MarketPlace=US&#038;ID=V20070822%2FUS%2Fgamedeviscool-20%2F8001%2Fbadb8f0d-bab0-418d-ac4d-f0fb36b7432d&#038;Operation=NoScript\" onclick=\"__gaTracker('send', 'event', 'outbound-article', 'http:\/\/ws-na.amazon-adsystem.com\/widgets\/q?rt=tf_mfw&#038;ServiceVersion=20070822&#038;MarketPlace=US&#038;ID=V20070822%2FUS%2Fgamedeviscool-20%2F8001%2Fbadb8f0d-bab0-418d-ac4d-f0fb36b7432d&#038;Operation=NoScript', 'Amazon.com Widgets');\">Amazon.com Widgets<\/a><\/noscript><\/p>\n<h4>C\u0103r\u021bi tehnice:<\/p>\n<p><script src=\"http:\/\/ws-na.amazon-adsystem.com\/widgets\/q?rt=tf_mfw&#038;ServiceVersion=20070822&#038;MarketPlace=US&#038;ID=V20070822%2FUS%2Fgamedeviscool-20%2F8001%2F66bded32-9803-4fa7-b59e-7bb73232b1a3\" type=\"text\/javascript\" charset=\"utf-8\">\/\/ <![CDATA[\n\n\/\/ ]]><\/script><noscript><a href=\"http:\/\/ws-na.amazon-adsystem.com\/widgets\/q?rt=tf_mfw&#038;ServiceVersion=20070822&#038;MarketPlace=US&#038;ID=V20070822%2FUS%2Fgamedeviscool-20%2F8001%2F66bded32-9803-4fa7-b59e-7bb73232b1a3&#038;Operation=NoScript\" onclick=\"__gaTracker('send', 'event', 'outbound-article', 'http:\/\/ws-na.amazon-adsystem.com\/widgets\/q?rt=tf_mfw&#038;ServiceVersion=20070822&#038;MarketPlace=US&#038;ID=V20070822%2FUS%2Fgamedeviscool-20%2F8001%2F66bded32-9803-4fa7-b59e-7bb73232b1a3&#038;Operation=NoScript', 'Amazon.com Widgets');\">Amazon.com Widgets<\/a><\/noscript><\/h4>\n<h4>Jocuri:<\/p>\n<p><script src=\"http:\/\/ws-na.amazon-adsystem.com\/widgets\/q?rt=tf_mfw&#038;ServiceVersion=20070822&#038;MarketPlace=US&#038;ID=V20070822%2FUS%2Fgamedeviscool-20%2F8001%2Ffaf7373b-009f-4e0c-98e7-947d199299f7\" type=\"text\/javascript\" charset=\"utf-8\">\/\/ <![CDATA[\n\n\/\/ ]]><\/script><noscript><a href=\"http:\/\/ws-na.amazon-adsystem.com\/widgets\/q?rt=tf_mfw&#038;ServiceVersion=20070822&#038;MarketPlace=US&#038;ID=V20070822%2FUS%2Fgamedeviscool-20%2F8001%2Ffaf7373b-009f-4e0c-98e7-947d199299f7&#038;Operation=NoScript\" onclick=\"__gaTracker('send', 'event', 'outbound-article', 'http:\/\/ws-na.amazon-adsystem.com\/widgets\/q?rt=tf_mfw&#038;ServiceVersion=20070822&#038;MarketPlace=US&#038;ID=V20070822%2FUS%2Fgamedeviscool-20%2F8001%2Ffaf7373b-009f-4e0c-98e7-947d199299f7&#038;Operation=NoScript', 'Amazon.com Widgets');\">Amazon.com Widgets<\/a><\/noscript><\/h4>\n<h4>Filme:<\/p>\n<p><script src=\"http:\/\/ws-na.amazon-adsystem.com\/widgets\/q?rt=tf_mfw&#038;ServiceVersion=20070822&#038;MarketPlace=US&#038;ID=V20070822%2FUS%2Fgamedeviscool-20%2F8001%2F91a82d59-2996-4edc-82aa-6a6d23766489\" type=\"text\/javascript\" charset=\"utf-8\">\/\/ <![CDATA[\n\n\/\/ ]]><\/script><noscript><a href=\"http:\/\/ws-na.amazon-adsystem.com\/widgets\/q?rt=tf_mfw&#038;ServiceVersion=20070822&#038;MarketPlace=US&#038;ID=V20070822%2FUS%2Fgamedeviscool-20%2F8001%2F91a82d59-2996-4edc-82aa-6a6d23766489&#038;Operation=NoScript\" onclick=\"__gaTracker('send', 'event', 'outbound-article', 'http:\/\/ws-na.amazon-adsystem.com\/widgets\/q?rt=tf_mfw&#038;ServiceVersion=20070822&#038;MarketPlace=US&#038;ID=V20070822%2FUS%2Fgamedeviscool-20%2F8001%2F91a82d59-2996-4edc-82aa-6a6d23766489&#038;Operation=NoScript', 'Amazon.com Widgets');\">Amazon.com Widgets<\/a><\/noscript><\/h4>\n<h4>Dispozitive electronice:<\/h4>\n<p><script src=\"http:\/\/ws-na.amazon-adsystem.com\/widgets\/q?rt=tf_mfw&#038;ServiceVersion=20070822&#038;MarketPlace=US&#038;ID=V20070822%2FUS%2Fgamedeviscool-20%2F8001%2F7bb0ccb2-ec3c-49dd-820d-9454fcdb7b28\" type=\"text\/javascript\" charset=\"utf-8\">\/\/ <![CDATA[\n\n\/\/ ]]><\/script><noscript><a href=\"http:\/\/ws-na.amazon-adsystem.com\/widgets\/q?rt=tf_mfw&#038;ServiceVersion=20070822&#038;MarketPlace=US&#038;ID=V20070822%2FUS%2Fgamedeviscool-20%2F8001%2F7bb0ccb2-ec3c-49dd-820d-9454fcdb7b28&#038;Operation=NoScript\" onclick=\"__gaTracker('send', 'event', 'outbound-article', 'http:\/\/ws-na.amazon-adsystem.com\/widgets\/q?rt=tf_mfw&#038;ServiceVersion=20070822&#038;MarketPlace=US&#038;ID=V20070822%2FUS%2Fgamedeviscool-20%2F8001%2F7bb0ccb2-ec3c-49dd-820d-9454fcdb7b28&#038;Operation=NoScript', 'Amazon.com Widgets');\">Amazon.com Widgets<\/a><\/noscript><\/p>","protected":false},"excerpt":{"rendered":"<p>Visez c\u0103 \u00eentr-o zi voi putea investi mai mult timp \u0219i voi putea lansa jocuri \u00eentregi, m\u0103 po\u021bi ajuta s\u0103 cresc \u0219i s\u0103 \u00eemi duc visul la realitate, sprijinul t\u0103u va fi apreciat enorm. Tot sprijinul va fi investit \u00een resurse pentru game development: c\u0103r\u021bi pentru a-mi \u00eembun\u0103t\u0103\u021bi cuno\u0219tin\u021bele, art\u0103 grafic\u0103 pentru jocuri pl\u0103cute ochiului, [&hellip;]<\/p>\n","protected":false},"author":2,"featured_media":0,"parent":0,"menu_order":0,"comment_status":"open","ping_status":"open","template":"","meta":{"jetpack_post_was_ever_published":false,"footnotes":""},"class_list":["post-295","page","type-page","status-publish","hentry"],"jetpack_shortlink":"https:\/\/wp.me\/P473YX-4L","jetpack_sharing_enabled":true,"jetpack_likes_enabled":true,"_links":{"self":[{"href":"https:\/\/gamedevis.cool\/ro\/wp-json\/wp\/v2\/pages\/295","targetHints":{"allow":["GET"]}}],"collection":[{"href":"https:\/\/gamedevis.cool\/ro\/wp-json\/wp\/v2\/pages"}],"about":[{"href":"https:\/\/gamedevis.cool\/ro\/wp-json\/wp\/v2\/types\/page"}],"author":[{"embeddable":true,"href":"https:\/\/gamedevis.cool\/ro\/wp-json\/wp\/v2\/users\/2"}],"replies":[{"embeddable":true,"href":"https:\/\/gamedevis.cool\/ro\/wp-json\/wp\/v2\/comments?post=295"}],"version-history":[{"count":55,"href":"https:\/\/gamedevis.cool\/ro\/wp-json\/wp\/v2\/pages\/295\/revisions"}],"predecessor-version":[{"id":371,"href":"https:\/\/gamedevis.cool\/ro\/wp-json\/wp\/v2\/pages\/295\/revisions\/371"}],"wp:attachment":[{"href":"https:\/\/gamedevis.cool\/ro\/wp-json\/wp\/v2\/media?parent=295"}],"curies":[{"name":"wp","href":"https:\/\/api.w.org\/{rel}","templated":true}]}}